{"id":2243,"date":"2020-02-24T22:46:05","date_gmt":"2020-02-24T21:46:05","guid":{"rendered":"https:\/\/demo.gloriathemes.com\/noxe\/demo\/?page_id=2243"},"modified":"2021-06-02T02:09:34","modified_gmt":"2021-06-02T00:09:34","slug":"tim","status":"publish","type":"page","link":"https:\/\/www.euron.hr\/site\/tim\/","title":{"rendered":"Tim"},"content":{"rendered":"<p>[vc_row css=&#8221;.vc_custom_1582586633277{margin-bottom: 0px !important;}&#8221;][vc_column]<div class=\"gt-team gt-style-3 gt-light gt-align-center\"><div class=\"gt-grid gt-grid-3 gt-spacing-20\"><div class=\"gt-grid-col\"><div class=\"gt-item\"><div class=\"gt-item-inner\"><div class=\"gt-photo\"><img loading=\"lazy\" decoding=\"async\" width=\"948\" height=\"1422\" src=\"data:image\/svg+xml,%3Csvg%20xmlns%3D%27http:\/\/www.w3.org\/2000\/svg%27%20viewBox%3D%270%200%203%202%27%3E%3C\/svg%3E\" class=\"attachment-full size-full gt-lazy-load\" alt=\"\" data-src=\"https:\/\/www.euron.hr\/site\/wp-content\/uploads\/2021\/04\/zorana.jpeg\" data-srcset=\"https:\/\/www.euron.hr\/site\/wp-content\/uploads\/2021\/04\/zorana.jpeg 948w, https:\/\/www.euron.hr\/site\/wp-content\/uploads\/2021\/04\/zorana-200x300.jpeg 200w, https:\/\/www.euron.hr\/site\/wp-content\/uploads\/2021\/04\/zorana-683x1024.jpeg 683w, https:\/\/www.euron.hr\/site\/wp-content\/uploads\/2021\/04\/zorana-768x1152.jpeg 768w, https:\/\/www.euron.hr\/site\/wp-content\/uploads\/2021\/04\/zorana-600x900.jpeg 600w\" data-sizes=\"(max-width: 948px) 100vw, 948px\" \/><\/div><div class=\"gt-details\"><p>Zorana Vuki\u0107 je hrvatska televizijska novinarka i voditeljica te urednica emisije Informer. Desetak godina je prisutna na malim ekranima gdje je uz zabavni program obra\u0111ivala brojne sportske i kulturne teme , ali i informativni program. \u010clanica je HND-a. Dugogodi\u0161nji rad ure\u0111ivanja i vo\u0111enja emisije o kulturi joj je otvorio vrata da se oku\u0161a i radi kao producentica u dje\u010djem kazali\u0161tu te ju uvede u svijet poduzetni\u0161tva u kulturi. Prije nego \u0161to se pridru\u017eila timu produkcije Euron film & TV radila je kao urednica informativnog programa koji joj je s iskustvom omogu\u0107io da stekne brojne vje\u0161tine i uhvati se u ko\u0161tac s najkompleksnijim temama. Do sada je vodila brojne emisije u kojima je razgovarala s brojnim predstavnicima vlasti, jedinica lokalne samouprave, ali i predstavnicima grada i brojnih institucija. U slobodno vrijeme posje\u0107uje brojne izlo\u017ebe u muzejima kao i kazali\u0161ne predstave,  te skuplja umjetnine i kaktuse.<\/p>\n<div class=\"gt-social-links gt-style-1 gt-dark gt-size-s\"><ul><li><a href=\"https:\/\/www.facebook.com\/zorana.vukic.3\" target=\"_blank\" class=\"gt-facebook\"><i class=\"fab fa-facebook-f\"><\/i><\/a><\/li><li><a href=\"https:\/\/www.instagram.com\/zorana_vukic\/\" target=\"_blank\" class=\"gt-instagram\"><i class=\"fab fa-instagram\"><\/i><\/a><\/li><\/ul><\/div><\/div><\/div><div class=\"gt-title\">Zorana Vuki\u0107<\/div><div class=\"gt-job\">Urednica i voditeljica Informera<\/div><\/div><\/div><div class=\"gt-grid-col\"><div class=\"gt-item\"><div class=\"gt-item-inner\"><div class=\"gt-photo\"><img loading=\"lazy\" decoding=\"async\" width=\"1066\" height=\"1600\" src=\"data:image\/svg+xml,%3Csvg%20xmlns%3D%27http:\/\/www.w3.org\/2000\/svg%27%20viewBox%3D%270%200%203%202%27%3E%3C\/svg%3E\" class=\"attachment-full size-full gt-lazy-load\" alt=\"\" data-src=\"https:\/\/www.euron.hr\/site\/wp-content\/uploads\/2021\/04\/db1.jpeg\" data-srcset=\"https:\/\/www.euron.hr\/site\/wp-content\/uploads\/2021\/04\/db1.jpeg 1066w, https:\/\/www.euron.hr\/site\/wp-content\/uploads\/2021\/04\/db1-200x300.jpeg 200w, https:\/\/www.euron.hr\/site\/wp-content\/uploads\/2021\/04\/db1-682x1024.jpeg 682w, https:\/\/www.euron.hr\/site\/wp-content\/uploads\/2021\/04\/db1-768x1153.jpeg 768w, https:\/\/www.euron.hr\/site\/wp-content\/uploads\/2021\/04\/db1-1023x1536.jpeg 1023w, https:\/\/www.euron.hr\/site\/wp-content\/uploads\/2021\/04\/db1-600x901.jpeg 600w\" data-sizes=\"(max-width: 1066px) 100vw, 1066px\" \/><\/div><div class=\"gt-details\"><p>Dalibor Bosan\u010di\u0107 je diplomirani ekonomist, televizijski novinar i urednik.  Bio je urednik emisije \u201cZdravlje na kvadrat\u201d. Nakon dvije godine vra\u0107a se projektu. Daliborovo medijsko iskustvo zapo\u010delo je rano. Od po\u010detka svoje karijere 1990. g. Dalibor je radio na vi\u0161e od trideset projekata. Napisao je i svoju prvu knjigu, radnog naslova \u201cKopile\u201d. <\/p>\n<div class=\"gt-social-links gt-style-1 gt-dark gt-size-s\"><ul><li><a href=\"https:\/\/www.instagram.com\/daliborscorpion\/\" target=\"_blank\" class=\"gt-instagram\"><i class=\"fab fa-instagram\"><\/i><\/a><\/li><\/ul><\/div><\/div><\/div><div class=\"gt-title\">Dalibor Bosan\u010di\u0107<\/div><div class=\"gt-job\">Urednik Zdravlja na Kvadrat<\/div><\/div><\/div><div class=\"gt-grid-col\"><div class=\"gt-item\"><div class=\"gt-item-inner\"><div class=\"gt-photo\"><img loading=\"lazy\" decoding=\"async\" width=\"937\" height=\"1406\" src=\"data:image\/svg+xml,%3Csvg%20xmlns%3D%27http:\/\/www.w3.org\/2000\/svg%27%20viewBox%3D%270%200%203%202%27%3E%3C\/svg%3E\" class=\"attachment-full size-full gt-lazy-load\" alt=\"\" data-src=\"https:\/\/www.euron.hr\/site\/wp-content\/uploads\/2021\/04\/tatjana.jpeg\" data-srcset=\"https:\/\/www.euron.hr\/site\/wp-content\/uploads\/2021\/04\/tatjana.jpeg 937w, https:\/\/www.euron.hr\/site\/wp-content\/uploads\/2021\/04\/tatjana-200x300.jpeg 200w, https:\/\/www.euron.hr\/site\/wp-content\/uploads\/2021\/04\/tatjana-682x1024.jpeg 682w, https:\/\/www.euron.hr\/site\/wp-content\/uploads\/2021\/04\/tatjana-768x1152.jpeg 768w, https:\/\/www.euron.hr\/site\/wp-content\/uploads\/2021\/04\/tatjana-600x900.jpeg 600w\" data-sizes=\"(max-width: 937px) 100vw, 937px\" \/><\/div><div class=\"gt-details\"><p>Tatjana Juri\u0107, magistrica politologije poznata je TV i radijska voditeljica koja je karijeru zapo\u010dela upravo na Novoj TV.  Zdravlje na kvadrat je, mogli bi re\u0107i, njezin povratak ne samo na male ekrane nego i na Novu TV gdje je prije vi\u0161e od 15 godina zapo\u010dela raditi, vodila je i ure\u0111ivala emisiju Modelle. Tatjana se jako  veseli televizijskom eteru, terenu i monta\u017ei.<\/p>\n<div class=\"gt-social-links gt-style-1 gt-dark gt-size-s\"><ul><li><a href=\"https:\/\/www.facebook.com\/tatjana.juric\" target=\"_blank\" class=\"gt-facebook\"><i class=\"fab fa-facebook-f\"><\/i><\/a><\/li><li><a href=\"https:\/\/www.instagram.com\/tatjana_juric\/\" target=\"_blank\" class=\"gt-instagram\"><i class=\"fab fa-instagram\"><\/i><\/a><\/li><\/ul><\/div><\/div><\/div><div class=\"gt-title\">Tatjana Juri\u0107<\/div><div class=\"gt-job\">Voditeljica Zdravlja na Kvadrat<\/div><\/div><\/div><div class=\"gt-grid-col\"><div class=\"gt-item\"><div class=\"gt-item-inner\"><div class=\"gt-photo\"><img loading=\"lazy\" decoding=\"async\" width=\"476\" height=\"640\" src=\"data:image\/svg+xml,%3Csvg%20xmlns%3D%27http:\/\/www.w3.org\/2000\/svg%27%20viewBox%3D%270%200%203%202%27%3E%3C\/svg%3E\" class=\"attachment-full size-full gt-lazy-load\" alt=\"\" data-src=\"https:\/\/www.euron.hr\/site\/wp-content\/uploads\/2021\/04\/Riana-Petanjek_4.jpg\" data-srcset=\"https:\/\/www.euron.hr\/site\/wp-content\/uploads\/2021\/04\/Riana-Petanjek_4.jpg 476w, https:\/\/www.euron.hr\/site\/wp-content\/uploads\/2021\/04\/Riana-Petanjek_4-223x300.jpg 223w, https:\/\/www.euron.hr\/site\/wp-content\/uploads\/2021\/04\/Riana-Petanjek_4-100x133.jpg 100w\" data-sizes=\"(max-width: 476px) 100vw, 476px\" \/><\/div><div class=\"gt-details\"><p>Riana Petanjek je hrvatska putopiskinja i blogerica avanturisti\u010dkog duha, a njeni avanturisti\u010dki pothvati s ciljem otkrivanja planete i u\u010denje o razli\u010ditim kulturama, ono su po \u010demu je Riana posebna. Malo se mladih \u017eena mo\u017ee se pohvaliti tolikim brojem proputovanih kilometara i do\u017eivljenih avantura poput plivanja s kitopsinama, pustinjski safari na devama, osvajanje vrhova \u0160ri Lanke, foto-safari po Africi, putovanje motorom ameri\u010dkom cestom Route 66. Riana je osim u Zagrebu i Krapini, \u017eivjela u Indiji i SAD-u. Sve navedene, ali i druge avanture ovjekovje\u010dila je u putopisnom romanu \u201cSlane banane\u201d koji je ve\u0107 do\u017eivio i drugo izdanje. Osim \u0161to je svjetska putnica, Riana dobro poznaje i ljepote Hrvatske koje \u0107e svojim pristupom i neposredno\u0161\u0107u pribli\u017eiti i gledateljima Nove TV u emisiji CoolTurist.<\/p>\n<div class=\"gt-social-links gt-style-1 gt-dark gt-size-s\"><ul><li><a href=\"https:\/\/www.facebook.com\/RianaPetanjek\" target=\"_blank\" class=\"gt-facebook\"><i class=\"fab fa-facebook-f\"><\/i><\/a><\/li><li><a href=\"https:\/\/www.instagram.com\/riana_petanjek\/\" target=\"_blank\" class=\"gt-instagram\"><i class=\"fab fa-instagram\"><\/i><\/a><\/li><\/ul><\/div><\/div><\/div><div class=\"gt-title\">Riana Petanjek<\/div><div class=\"gt-job\">Urednica i voditeljica Coolturista<\/div><\/div><\/div><\/div><\/div>[\/vc_column][\/vc_row]<\/p>\n","protected":false},"excerpt":{"rendered":"<p>[vc_row css=&#8221;.vc_custom_1582586633277{margin-bottom: 0px !important;}&#8221;][vc_column][\/vc_column][\/vc_row]<\/p>\n","protected":false},"author":1,"featured_media":0,"parent":0,"menu_order":0,"comment_status":"closed","ping_status":"closed","template":"","meta":{"footnotes":""},"class_list":["post-2243","page","type-page","status-publish","hentry"],"yoast_head":"<!-- This site is optimized with the Yoast SEO plugin v16.3 - https:\/\/yoast.com\/wordpress\/plugins\/seo\/ -->\n<title>Tim - Euron film &amp; TV<\/title>\n<meta name=\"description\" content=\"Upoznajte na\u0161 tim stru\u010dnjaka!\" \/>\n<meta name=\"robots\" content=\"index, follow, max-snippet:-1, max-image-preview:large, max-video-preview:-1\" \/>\n<link rel=\"canonical\" href=\"http:\/\/www.euron.hr\/site\/tim\/\" \/>\n<meta property=\"og:locale\" content=\"hr_HR\" \/>\n<meta property=\"og:type\" content=\"article\" \/>\n<meta property=\"og:title\" content=\"Tim - Euron film &amp; TV\" \/>\n<meta property=\"og:description\" content=\"Upoznajte na\u0161 tim stru\u010dnjaka!\" \/>\n<meta property=\"og:url\" content=\"http:\/\/www.euron.hr\/site\/tim\/\" \/>\n<meta property=\"og:site_name\" content=\"Euron film &amp; TV\" \/>\n<meta property=\"article:modified_time\" content=\"2021-06-02T00:09:34+00:00\" \/>\n<meta name=\"twitter:card\" content=\"summary_large_image\" \/>\n<meta name=\"twitter:label1\" content=\"Procijenjeno vrijeme \u010ditanja\">\n\t<meta name=\"twitter:data1\" content=\"4 minute\">\n<script type=\"application\/ld+json\" class=\"yoast-schema-graph\">{\"@context\":\"https:\/\/schema.org\",\"@graph\":[{\"@type\":\"WebSite\",\"@id\":\"http:\/\/www.euron.hr\/site\/#website\",\"url\":\"http:\/\/www.euron.hr\/site\/\",\"name\":\"Euron film &amp; TV\",\"description\":\"\",\"potentialAction\":[{\"@type\":\"SearchAction\",\"target\":\"http:\/\/www.euron.hr\/site\/?s={search_term_string}\",\"query-input\":\"required name=search_term_string\"}],\"inLanguage\":\"hr\"},{\"@type\":\"WebPage\",\"@id\":\"http:\/\/www.euron.hr\/site\/tim\/#webpage\",\"url\":\"http:\/\/www.euron.hr\/site\/tim\/\",\"name\":\"Tim - Euron film &amp; TV\",\"isPartOf\":{\"@id\":\"http:\/\/www.euron.hr\/site\/#website\"},\"datePublished\":\"2020-02-24T21:46:05+00:00\",\"dateModified\":\"2021-06-02T00:09:34+00:00\",\"description\":\"Upoznajte na\\u0161 tim stru\\u010dnjaka!\",\"breadcrumb\":{\"@id\":\"http:\/\/www.euron.hr\/site\/tim\/#breadcrumb\"},\"inLanguage\":\"hr\",\"potentialAction\":[{\"@type\":\"ReadAction\",\"target\":[\"http:\/\/www.euron.hr\/site\/tim\/\"]}]},{\"@type\":\"BreadcrumbList\",\"@id\":\"http:\/\/www.euron.hr\/site\/tim\/#breadcrumb\",\"itemListElement\":[{\"@type\":\"ListItem\",\"position\":1,\"item\":{\"@type\":\"WebPage\",\"@id\":\"http:\/\/www.euron.hr\/site\/\",\"url\":\"http:\/\/www.euron.hr\/site\/\",\"name\":\"Po\\u010detna stranica\"}},{\"@type\":\"ListItem\",\"position\":2,\"item\":{\"@id\":\"http:\/\/www.euron.hr\/site\/tim\/#webpage\"}}]}]}<\/script>\n<!-- \/ Yoast SEO plugin. -->","_links":{"self":[{"href":"https:\/\/www.euron.hr\/site\/wp-json\/wp\/v2\/pages\/2243","targetHints":{"allow":["GET"]}}],"collection":[{"href":"https:\/\/www.euron.hr\/site\/wp-json\/wp\/v2\/pages"}],"about":[{"href":"https:\/\/www.euron.hr\/site\/wp-json\/wp\/v2\/types\/page"}],"author":[{"embeddable":true,"href":"https:\/\/www.euron.hr\/site\/wp-json\/wp\/v2\/users\/1"}],"replies":[{"embeddable":true,"href":"https:\/\/www.euron.hr\/site\/wp-json\/wp\/v2\/comments?post=2243"}],"version-history":[{"count":10,"href":"https:\/\/www.euron.hr\/site\/wp-json\/wp\/v2\/pages\/2243\/revisions"}],"predecessor-version":[{"id":4189,"href":"https:\/\/www.euron.hr\/site\/wp-json\/wp\/v2\/pages\/2243\/revisions\/4189"}],"wp:attachment":[{"href":"https:\/\/www.euron.hr\/site\/wp-json\/wp\/v2\/media?parent=2243"}],"curies":[{"name":"wp","href":"https:\/\/api.w.org\/{rel}","templated":true}]}}