{"id":4207,"date":"2021-06-02T01:05:41","date_gmt":"2021-06-01T23:05:41","guid":{"rendered":"http:\/\/www.euron.hr\/site\/?page_id=4207"},"modified":"2021-06-02T02:42:40","modified_gmt":"2021-06-02T00:42:40","slug":"stik","status":"publish","type":"page","link":"https:\/\/www.euron.hr\/site\/sl\/stik\/","title":{"rendered":"Kontakt (slo)"},"content":{"rendered":"<p>[vc_row css=&#8221;.vc_custom_1582134048914{margin-bottom: 115px !important;}&#8221;][vc_column offset=&#8221;vc_col-lg-1 vc_col-md-1 vc_col-xs-12&#8243;][\/vc_column][vc_column offset=&#8221;vc_col-lg-10 vc_col-md-10 vc_col-xs-12&#8243;]<div class=\"gt-heading gt-style-5 gt-light gt-align-center\"><h1 class=\"gt-title\">Kontaktiraj nas!<\/h1><p class=\"gt-text\">Vpra\u0161anja, poizvedbe in predloge za sodelovanje lahko po\u0161ljete spodaj.<\/p><\/div>[\/vc_column][vc_column offset=&#8221;vc_col-lg-1 vc_col-md-1 vc_col-xs-12&#8243;][\/vc_column][\/vc_row][vc_row gap=&#8221;35&#8243; css=&#8221;.vc_custom_1582134191687{margin-right: -7% !important;margin-bottom: 75px !important;margin-left: -7% !important;}&#8221;][vc_column css=&#8221;.vc_custom_1582134182509{margin-bottom: 60px !important;padding-right: 7% !important;padding-left: 7% !important;}&#8221; offset=&#8221;vc_col-lg-3 vc_col-md-3 vc_col-xs-12&#8243;]<div class=\"gt-service-boxes gt-style-6 gt-light\"><div class=\"gt-grid gt-grid-1 gt-spacing-45\"><div class=\"gt-grid-col\"><div class=\"gt-item gt-align-left\"><div class=\"gt-title\">E-mail stik<\/div><p>Pi\u0161ite nam preko <a href=\"mailto:info@euron.hr\">info@euron.hr<\/a> ali prek obrazca na strani<\/p>\n<\/div><\/div><div class=\"gt-grid-col\"><div class=\"gt-item gt-align-left\"><div class=\"gt-title\">Pisarno<\/div><p><a href=\"mailto:info@euron.hr\">info@euron.hr<\/a><br \/>\nHeinzelova 33a,  Zagreb<\/p>\n<\/div><\/div><\/div><\/div>[\/vc_column][vc_column css=&#8221;.vc_custom_1582134178186{margin-bottom: 60px !important;padding-right: 7% !important;padding-left: 7% !important;}&#8221; offset=&#8221;vc_col-lg-9 vc_col-md-9 vc_col-xs-12&#8243;]<div role=\"form\" class=\"wpcf7\" id=\"wpcf7-f1675-o1\" lang=\"en-US\" dir=\"ltr\">\n<div class=\"screen-reader-response\"><p role=\"status\" aria-live=\"polite\" aria-atomic=\"true\"><\/p> <ul><\/ul><\/div>\n<form action=\"\/site\/wp-json\/wp\/v2\/pages\/4207#wpcf7-f1675-o1\" method=\"post\" class=\"wpcf7-form init\" novalidate=\"novalidate\" data-status=\"init\">\n<div style=\"display: none;\">\n<input type=\"hidden\" name=\"_wpcf7\" value=\"1675\" \/>\n<input type=\"hidden\" name=\"_wpcf7_version\" value=\"5.4.1\" \/>\n<input type=\"hidden\" name=\"_wpcf7_locale\" value=\"en_US\" \/>\n<input type=\"hidden\" name=\"_wpcf7_unit_tag\" value=\"wpcf7-f1675-o1\" \/>\n<input type=\"hidden\" name=\"_wpcf7_container_post\" value=\"0\" \/>\n<input type=\"hidden\" name=\"_wpcf7_posted_data_hash\" value=\"\" \/>\n<\/div>\n<div class=\"gt-grid gt-grid-2 gt-spacing-20\">\n\t<div class=\"gt-grid-col\">\n\t\t<label>Ime<\/label>\n\t\t<span class=\"wpcf7-form-control-wrap your-name\"><input type=\"text\" name=\"your-name\" value=\"\" size=\"40\" class=\"wpcf7-form-control wpcf7-text wpcf7-validates-as-required\" aria-required=\"true\" aria-invalid=\"false\" \/><\/span>\n\t<\/div>\n\t<div class=\"gt-grid-col\">\n\t\t<label>Email<\/label>\n\t\t<span class=\"wpcf7-form-control-wrap your-email\"><input type=\"email\" name=\"your-email\" value=\"\" size=\"40\" class=\"wpcf7-form-control wpcf7-text wpcf7-email wpcf7-validates-as-required wpcf7-validates-as-email\" aria-required=\"true\" aria-invalid=\"false\" \/><\/span>\n\t<\/div>\n<\/div>\n<div class=\"gt-grid gt-grid-1 gt-spacing-20\">\n\t<div class=\"gt-grid-col\">\n\t\t<label>Predmet<\/label>\n\t\t<span class=\"wpcf7-form-control-wrap your-subject\"><input type=\"text\" name=\"your-subject\" value=\"\" size=\"40\" class=\"wpcf7-form-control wpcf7-text wpcf7-validates-as-required\" aria-required=\"true\" aria-invalid=\"false\" \/><\/span>\n\t<\/div>\n<\/div>\n<div class=\"gt-grid gt-grid-1 gt-spacing-20\">\n\t<div class=\"gt-grid-col\">\n\t\t<label>Poruka<\/label>\n\t\t<span class=\"wpcf7-form-control-wrap your-message\"><textarea name=\"your-message\" cols=\"40\" rows=\"10\" class=\"wpcf7-form-control wpcf7-textarea wpcf7-validates-as-required\" aria-required=\"true\" aria-invalid=\"false\"><\/textarea><\/span>\n\t<\/div>\n\t<div class=\"gt-grid-col\">\n\t\t<input type=\"submit\" value=\"Po\u0161alji\" class=\"wpcf7-form-control wpcf7-submit gt-style-5\" \/>\n\t<\/div>\n<\/div><div class=\"wpcf7-response-output\" aria-hidden=\"true\"><\/div><\/form><\/div>[\/vc_column][\/vc_row]<\/p>\n","protected":false},"excerpt":{"rendered":"<p>[vc_row css=&#8221;.vc_custom_1582134048914{margin-bottom: 115px !important;}&#8221;][vc_column offset=&#8221;vc_col-lg-1 vc_col-md-1 vc_col-xs-12&#8243;][\/vc_column][vc_column offset=&#8221;vc_col-lg-10 vc_col-md-10 vc_col-xs-12&#8243;][\/vc_column][vc_column offset=&#8221;vc_col-lg-1 vc_col-md-1 vc_col-xs-12&#8243;][\/vc_column][\/vc_row][vc_row gap=&#8221;35&#8243; css=&#8221;.vc_custom_1582134191687{margin-right: -7% !important;margin-bottom: 75px !important;margin-left: -7% !important;}&#8221;][vc_column css=&#8221;.vc_custom_1582134182509{margin-bottom: 60px !important;padding-right: 7%&#8230;<\/p>\n","protected":false},"author":1,"featured_media":0,"parent":0,"menu_order":0,"comment_status":"closed","ping_status":"closed","template":"","meta":{"footnotes":""},"class_list":["post-4207","page","type-page","status-publish","hentry"],"yoast_head":"<!-- This site is optimized with the Yoast SEO plugin v16.3 - https:\/\/yoast.com\/wordpress\/plugins\/seo\/ -->\n<title>Stik - Euron film &amp; TV<\/title>\n<meta name=\"description\" content=\"\u010ce imate kakr\u0161na koli vpra\u0161anja, predloge ali ideje, - nas kontaktirajte spodaj!\" \/>\n<meta name=\"robots\" content=\"index, follow, max-snippet:-1, max-image-preview:large, max-video-preview:-1\" \/>\n<link rel=\"canonical\" href=\"https:\/\/www.euron.hr\/site\/sl\/stik\/\" \/>\n<meta property=\"og:locale\" content=\"hr_HR\" \/>\n<meta property=\"og:type\" content=\"article\" \/>\n<meta property=\"og:title\" content=\"Stik - Euron film &amp; TV\" \/>\n<meta property=\"og:description\" content=\"\u010ce imate kakr\u0161na koli vpra\u0161anja, predloge ali ideje, - nas kontaktirajte spodaj!\" \/>\n<meta property=\"og:url\" content=\"https:\/\/www.euron.hr\/site\/sl\/stik\/\" \/>\n<meta property=\"og:site_name\" content=\"Euron film &amp; TV\" \/>\n<meta property=\"article:modified_time\" content=\"2021-06-02T00:42:40+00:00\" \/>\n<meta name=\"twitter:card\" content=\"summary_large_image\" \/>\n<meta name=\"twitter:label1\" content=\"Procijenjeno vrijeme \u010ditanja\">\n\t<meta name=\"twitter:data1\" content=\"1 minuta\">\n<script type=\"application\/ld+json\" class=\"yoast-schema-graph\">{\"@context\":\"https:\/\/schema.org\",\"@graph\":[{\"@type\":\"WebSite\",\"@id\":\"https:\/\/www.euron.hr\/site\/en\/#website\",\"url\":\"https:\/\/www.euron.hr\/site\/en\/\",\"name\":\"Euron film &amp; TV\",\"description\":\"\",\"potentialAction\":[{\"@type\":\"SearchAction\",\"target\":\"https:\/\/www.euron.hr\/site\/en\/?s={search_term_string}\",\"query-input\":\"required name=search_term_string\"}],\"inLanguage\":\"hr\"},{\"@type\":\"WebPage\",\"@id\":\"https:\/\/www.euron.hr\/site\/sl\/stik\/#webpage\",\"url\":\"https:\/\/www.euron.hr\/site\/sl\/stik\/\",\"name\":\"Stik - Euron film &amp; TV\",\"isPartOf\":{\"@id\":\"https:\/\/www.euron.hr\/site\/en\/#website\"},\"datePublished\":\"2021-06-01T23:05:41+00:00\",\"dateModified\":\"2021-06-02T00:42:40+00:00\",\"description\":\"\\u010ce imate kakr\\u0161na koli vpra\\u0161anja, predloge ali ideje, - nas kontaktirajte spodaj!\",\"breadcrumb\":{\"@id\":\"https:\/\/www.euron.hr\/site\/sl\/stik\/#breadcrumb\"},\"inLanguage\":\"hr\",\"potentialAction\":[{\"@type\":\"ReadAction\",\"target\":[\"https:\/\/www.euron.hr\/site\/sl\/stik\/\"]}]},{\"@type\":\"BreadcrumbList\",\"@id\":\"https:\/\/www.euron.hr\/site\/sl\/stik\/#breadcrumb\",\"itemListElement\":[{\"@type\":\"ListItem\",\"position\":1,\"item\":{\"@type\":\"WebPage\",\"@id\":\"https:\/\/www.euron.hr\/site\/\",\"url\":\"https:\/\/www.euron.hr\/site\/\",\"name\":\"Po\\u010detna stranica\"}},{\"@type\":\"ListItem\",\"position\":2,\"item\":{\"@id\":\"https:\/\/www.euron.hr\/site\/sl\/stik\/#webpage\"}}]}]}<\/script>\n<!-- \/ Yoast SEO plugin. -->","_links":{"self":[{"href":"https:\/\/www.euron.hr\/site\/wp-json\/wp\/v2\/pages\/4207","targetHints":{"allow":["GET"]}}],"collection":[{"href":"https:\/\/www.euron.hr\/site\/wp-json\/wp\/v2\/pages"}],"about":[{"href":"https:\/\/www.euron.hr\/site\/wp-json\/wp\/v2\/types\/page"}],"author":[{"embeddable":true,"href":"https:\/\/www.euron.hr\/site\/wp-json\/wp\/v2\/users\/1"}],"replies":[{"embeddable":true,"href":"https:\/\/www.euron.hr\/site\/wp-json\/wp\/v2\/comments?post=4207"}],"version-history":[{"count":3,"href":"https:\/\/www.euron.hr\/site\/wp-json\/wp\/v2\/pages\/4207\/revisions"}],"predecessor-version":[{"id":4249,"href":"https:\/\/www.euron.hr\/site\/wp-json\/wp\/v2\/pages\/4207\/revisions\/4249"}],"wp:attachment":[{"href":"https:\/\/www.euron.hr\/site\/wp-json\/wp\/v2\/media?parent=4207"}],"curies":[{"name":"wp","href":"https:\/\/api.w.org\/{rel}","templated":true}]}}